

{"id":3639,"date":"2019-05-13T09:23:24","date_gmt":"2019-05-13T08:23:24","guid":{"rendered":"https:\/\/froc.pt\/?page_id=3639"},"modified":"2023-02-02T16:28:32","modified_gmt":"2023-02-02T16:28:32","slug":"contacts","status":"publish","type":"page","link":"https:\/\/froc.pt\/en\/contacts\/","title":{"rendered":"Contacts"},"content":{"rendered":"<section class=\"wpb-content-wrapper\"><p>[vc_row][vc_column width=&#8221;1\/3&#8243;][vc_empty_space height=&#8221;3em&#8221;][vc_column_text]<\/p>\n<h4 class=\"info_title\">Contacts<\/h4>\n<p><span style=\"color: #000; font-weight: bold;\">Address:<\/span> Avenida Barbosa du Bocage, 113 \u2013 3\u00ba piso, 1050-031 Lisboa, PORTUGAL<br \/>\n<span style=\"color: #000; font-weight: bold;\">Fax:<\/span> (+351) 21 7915009<br \/>\n<span style=\"color: #000; font-weight: bold;\">Phone:<\/span> (+351) 21 7915007<br \/>\n<span style=\"color: #000; font-weight: bold;\">WhatsApp:<\/span> (+351) 91 1134141<br \/>\n<span style=\"color: #000; font-weight: bold;\">Email:<\/span> info@froc.pt[\/vc_column_text][vc_column_text css=&#8221;.vc_custom_1675354979574{padding-bottom: 15px !important;}&#8221;]<\/p>\n<h4 class=\"info_title\">Follow us<\/h4>\n<p>[\/vc_column_text]<div class=\"sc_socials sc_socials_type_icons sc_socials_shape_round sc_socials_size_tiny\"><div class=\"sc_socials_item\"><a href=\"https:\/\/www.facebook.com\/fundacao.rui.osorio.castro\/\" target=\"_blank\" class=\"social_icons social_facebook\"><span class=\"icon-facebook\"><\/span><\/a><\/div><div class=\"sc_socials_item\"><a href=\"https:\/\/www.youtube.com\/channel\/UCB1HXonibDMssVu4Uy6uGXg\" target=\"_blank\" class=\"social_icons social_youtube\"><span class=\"icon-youtube\"><\/span><\/a><\/div><div class=\"sc_socials_item\"><a href=\"https:\/\/www.instagram.com\/fundacaoruiosoriodecastro\" target=\"_blank\" class=\"social_icons social_instagramm\"><span class=\"icon-instagramm\"><\/span><\/a><\/div><div class=\"sc_socials_item\"><a href=\"https:\/\/twitter.com\/FROC2009\" target=\"_blank\" class=\"social_icons social_twitter\"><span class=\"icon-twitter\"><\/span><\/a><\/div><div class=\"sc_socials_item\"><a href=\"https:\/\/www.linkedin.com\/company\/funda\u00e7\u00e3o-rui-os\u00f3rio-de-castro\/\" target=\"_blank\" class=\"social_icons social_linkedin\"><span class=\"icon-linkedin\"><\/span><\/a><\/div><\/div>[\/vc_column][vc_column width=&#8221;2\/3&#8243;]<div  id=\"sc_form_336859069_wrap\" class=\"sc_form_wrap\"><div  id=\"sc_form_336859069\" class=\"sc_form sc_form_style_form_1 margin_top_huge margin_bottom_huge\">\t\t<form  id=\"sc_form_336859069_form\"\t\t\tclass=\"sc_input_hover_default\"\n\t\t\tdata-formtype=\"form_1\"\n\t\t\tmethod=\"post\"\n\t\t\taction=\"https:\/\/froc.pt\/wp-admin\/admin-ajax.php\">\n\t\t\t<input type=\"hidden\" name=\"return_url\" value=\"https:\/\/froc.pt\/contactos\/\">\t\t\t<div class=\"sc_form_info\">\n\t\t\t\t<div class=\"sc_form_item sc_form_field label_over\"><input id=\"sc_form_username\" type=\"text\" name=\"username\" placeholder=\"Name *\" aria-required=\"true\"><\/div>\n\t\t\t\t<div class=\"sc_form_item sc_form_field label_over\"><input id=\"sc_form_email\" type=\"text\" name=\"email\" placeholder=\"E-mail *\" aria-required=\"true\"><\/div>\n\t\t\t<\/div>\n\t\t\t<div class=\"sc_form_item sc_form_message\"><textarea id=\"sc_form_message\" name=\"message\" placeholder=\"Message\" aria-required=\"true\"><\/textarea><\/div>\n\t\t\t<div class=\"sc_form_item sc_form_button\"><button>Send Message<\/button><\/div>\n\t\t\t<div class=\"result sc_infobox\"><\/div>\n\t\t<\/form>\n\t\t<\/div><\/div>[\/vc_column][\/vc_row][vc_row full_width=&#8221;stretch_row_content_no_spaces&#8221;][vc_column]<div id=\"sc_googlemap_1377699922\" class=\"sc_googlemap\" style=\"width:100%;height:510px;\" data-zoom=\"12\" data-style=\"default\"><div id=\"sc_googlemap_1377699922_1\" class=\"sc_googlemap_marker\" data-title=\"\" data-description=\"Avenida Barbosa du Bocage, 113 \u2013 3\u00ba piso, 1050-031 Lisboa PORTUGAL\" data-address=\"Avenida Barbosa du Bocage, 113 \u2013 3\u00ba piso, 1050-031 Lisboa PORTUGAL\" data-latlng=\"38.748728,-9.14526,6520\" data-point=\"\"><\/div><\/div>[\/vc_column][\/vc_row]<\/p>\n<\/section>","protected":false},"excerpt":{"rendered":"<p>[vc_row][vc_column width=&#8221;1\/3&#8243;][vc_empty_space height=&#8221;3em&#8221;][vc_column_text] Contacts Address: Avenida Barbosa du Bocage, 113 \u2013 3\u00ba piso, 1050-031 Lisboa, PORTUGAL Fax: (+351) 21 7915009 Phone: (+351) 21 7915007 WhatsApp: (+351) 91 1134141 Email: info@froc.pt[\/vc_column_text][vc_column_text css=&#8221;.vc_custom_1675354979574{padding-bottom: 15px !important;}&#8221;] Follow us [\/vc_column_text][\/vc_column][vc_column width=&#8221;2\/3&#8243;][\/vc_column][\/vc_row][vc_row full_width=&#8221;stretch_row_content_no_spaces&#8221;][vc_column][\/vc_column][\/vc_row]<\/p>\n","protected":false},"author":3,"featured_media":0,"parent":0,"menu_order":0,"comment_status":"closed","ping_status":"closed","template":"","meta":{"footnotes":""},"_links":{"self":[{"href":"https:\/\/froc.pt\/en\/wp-json\/wp\/v2\/pages\/3639"}],"collection":[{"href":"https:\/\/froc.pt\/en\/wp-json\/wp\/v2\/pages"}],"about":[{"href":"https:\/\/froc.pt\/en\/wp-json\/wp\/v2\/types\/page"}],"author":[{"embeddable":true,"href":"https:\/\/froc.pt\/en\/wp-json\/wp\/v2\/users\/3"}],"replies":[{"embeddable":true,"href":"https:\/\/froc.pt\/en\/wp-json\/wp\/v2\/comments?post=3639"}],"version-history":[{"count":3,"href":"https:\/\/froc.pt\/en\/wp-json\/wp\/v2\/pages\/3639\/revisions"}],"predecessor-version":[{"id":6097,"href":"https:\/\/froc.pt\/en\/wp-json\/wp\/v2\/pages\/3639\/revisions\/6097"}],"wp:attachment":[{"href":"https:\/\/froc.pt\/en\/wp-json\/wp\/v2\/media?parent=3639"}],"curies":[{"name":"wp","href":"https:\/\/api.w.org\/{rel}","templated":true}]}}