

{"id":3553,"date":"2019-05-09T17:06:09","date_gmt":"2019-05-09T16:06:09","guid":{"rendered":"https:\/\/froc.pt\/?page_id=3553"},"modified":"2019-05-09T17:08:18","modified_gmt":"2019-05-09T16:08:18","slug":"governing-bodies","status":"publish","type":"page","link":"https:\/\/froc.pt\/en\/the-foundation\/governing-bodies\/","title":{"rendered":"Governing bodies"},"content":{"rendered":"<section class=\"wpb-content-wrapper\"><p>[vc_row][vc_column][vc_row_inner css=&#8221;.vc_custom_1506511667214{padding-bottom: 50px !important;}&#8221;][vc_column_inner width=&#8221;1\/2&#8243;]<h4 class=\"sc_title sc_title_regular\">Board of Directors<\/h4>[vc_column_text]<\/p>\n<ul>\n<li>Maria Karla Os\u00f3rio de Castro (President)<\/li>\n<li>Filipe Os\u00f3rio de Castro (Director)<\/li>\n<li>Catarina Os\u00f3rio de Castro (Director)<\/li>\n<\/ul>\n<p>[\/vc_column_text]<h4 class=\"sc_title sc_title_regular\">Management<\/h4>[vc_column_text]<\/p>\n<ul>\n<li>Cristina Potier (General Manager)<\/li>\n<\/ul>\n<p>[\/vc_column_text][\/vc_column_inner][vc_column_inner width=&#8221;1\/2&#8243;][vc_empty_space height=&#8221;50px&#8221;][vc_single_image image=&#8221;1072&#8243; img_size=&#8221;full&#8221; onclick=&#8221;link_image&#8221;][\/vc_column_inner][\/vc_row_inner][\/vc_column][\/vc_row][vc_row][vc_column][vc_separator border_width=&#8221;2&#8243;][\/vc_column][\/vc_row][vc_row css=&#8221;.vc_custom_1506693895418{padding-top: 30px !important;}&#8221;][vc_column width=&#8221;1\/2&#8243;]<h4 class=\"sc_title sc_title_regular\">Board of Trustees<\/h4>[vc_column_text]<\/p>\n<ul>\n<li>Ana Lacerda (President)<\/li>\n<li>Acreditar &#8211; <em>Jo\u00e3o de Bragan\u00e7a<\/em><\/li>\n<li>Ant\u00f3nio Campos de Almeida<\/li>\n<li>Cristina Galhardo Vil\u00e3o<\/li>\n<li><em>Deloitte\u00a0&amp; Associados, SROC, SA. &#8211;\u00a0Carlos Alberto Ferreira da Cruz<\/em><\/li>\n<li>Filomena Pereira<\/li>\n<li>Filipe Almeida<\/li>\n<li>Frederico Alberto Monteiro da Silva<\/li>\n<li>Pe. Jos\u00e9 Manuel\u00a0Pereira de Almeida<\/li>\n<li>Jos\u00e9 Miguel J\u00fadice<\/li>\n<li>Tim Solomon<\/li>\n<\/ul>\n<p>[\/vc_column_text][\/vc_column][vc_column width=&#8221;1\/2&#8243;]<h4 class=\"sc_title sc_title_regular\">Supervisory Board<\/h4>[vc_column_text]<\/p>\n<ul>\n<li><em>Deloitte\u00a0&amp; Associados, SROC, SA.\u00a0<\/em>(President) &#8211; <em>Carlos Alberto Ferreira da Cruz<\/em><\/li>\n<li>Acreditar &#8211; <em>Jo\u00e3o de Bragan\u00e7a<\/em><\/li>\n<li>Ant\u00f3nio Campos de Almeida<\/li>\n<\/ul>\n<p>[\/vc_column_text][\/vc_column][\/vc_row]<\/p>\n<\/section>","protected":false},"excerpt":{"rendered":"<p>[vc_row][vc_column][vc_row_inner css=&#8221;.vc_custom_1506511667214{padding-bottom: 50px !important;}&#8221;][vc_column_inner width=&#8221;1\/2&#8243;][vc_column_text] Maria Karla Os\u00f3rio de Castro (President) Filipe Os\u00f3rio de Castro (Director) Catarina Os\u00f3rio de Castro (Director) [\/vc_column_text][vc_column_text] Cristina Potier (General Manager) [\/vc_column_text][\/vc_column_inner][vc_column_inner width=&#8221;1\/2&#8243;][vc_empty_space height=&#8221;50px&#8221;][vc_single_image image=&#8221;1072&#8243; img_size=&#8221;full&#8221; onclick=&#8221;link_image&#8221;][\/vc_column_inner][\/vc_row_inner][\/vc_column][\/vc_row][vc_row][vc_column][vc_separator border_width=&#8221;2&#8243;][\/vc_column][\/vc_row][vc_row css=&#8221;.vc_custom_1506693895418{padding-top: 30px !important;}&#8221;][vc_column width=&#8221;1\/2&#8243;][vc_column_text] Ana Lacerda (President) Acreditar &#8211; Jo\u00e3o de Bragan\u00e7a Ant\u00f3nio Campos de Almeida Cristina Galhardo Vil\u00e3o Deloitte\u00a0&amp; Associados, SROC, [&hellip;]<\/p>\n","protected":false},"author":3,"featured_media":0,"parent":3544,"menu_order":0,"comment_status":"closed","ping_status":"closed","template":"","meta":{"footnotes":""},"_links":{"self":[{"href":"https:\/\/froc.pt\/en\/wp-json\/wp\/v2\/pages\/3553"}],"collection":[{"href":"https:\/\/froc.pt\/en\/wp-json\/wp\/v2\/pages"}],"about":[{"href":"https:\/\/froc.pt\/en\/wp-json\/wp\/v2\/types\/page"}],"author":[{"embeddable":true,"href":"https:\/\/froc.pt\/en\/wp-json\/wp\/v2\/users\/3"}],"replies":[{"embeddable":true,"href":"https:\/\/froc.pt\/en\/wp-json\/wp\/v2\/comments?post=3553"}],"version-history":[{"count":4,"href":"https:\/\/froc.pt\/en\/wp-json\/wp\/v2\/pages\/3553\/revisions"}],"predecessor-version":[{"id":3557,"href":"https:\/\/froc.pt\/en\/wp-json\/wp\/v2\/pages\/3553\/revisions\/3557"}],"up":[{"embeddable":true,"href":"https:\/\/froc.pt\/en\/wp-json\/wp\/v2\/pages\/3544"}],"wp:attachment":[{"href":"https:\/\/froc.pt\/en\/wp-json\/wp\/v2\/media?parent=3553"}],"curies":[{"name":"wp","href":"https:\/\/api.w.org\/{rel}","templated":true}]}}