

{"id":3544,"date":"2019-05-09T16:57:11","date_gmt":"2019-05-09T15:57:11","guid":{"rendered":"https:\/\/froc.pt\/?page_id=3544"},"modified":"2019-05-09T17:03:17","modified_gmt":"2019-05-09T16:03:17","slug":"the-foundation","status":"publish","type":"page","link":"https:\/\/froc.pt\/en\/the-foundation\/","title":{"rendered":"The Foundation"},"content":{"rendered":"<section class=\"wpb-content-wrapper\"><p>[vc_row][vc_column width=&#8221;1\/2&#8243;][vc_column_text]The Rui Os\u00f3rio de Castro Foundation was created in March 2009 by Maria Karla Os\u00f3rio de Castro and her children, Catarina and Filipe, in memory and honor to Rui Os\u00f3rio de Castro, Husband and Father.<\/p>\n<p>Its main objective is to support and protect children with cancer and their families, by focusing its activity on two main areas: TO INFORM, clarifying parents and children on issues related to childhood cancer and TO promote research contributing to the advancement of medicine in this area.<\/p>\n<p>In June 2010 it was recognized as a Private Institution of Social Solidarity and Public Utility[\/vc_column_text][vc_empty_space height=&#8221;64px&#8221;][\/vc_column][vc_column width=&#8221;1\/2&#8243;][vc_video link=&#8221;https:\/\/www.youtube.com\/watch?v=4-Da9ZbfAZ8&#8243;][\/vc_column][\/vc_row][vc_row][vc_column][vc_empty_space height=&#8221;64px&#8221;][vc_separator border_width=&#8221;2&#8243;][\/vc_column][\/vc_row][vc_row full_width=&#8221;stretch_row&#8221; css=&#8221;.vc_custom_1507562216929{padding-bottom: -100px !important;}&#8221;][vc_column][vc_row_inner equal_height=&#8221;yes&#8221; el_id=&#8221;whiteText&#8221;][vc_column_inner width=&#8221;1\/3&#8243; css=&#8221;.vc_custom_1508347260380{background-color: #0097e2 !important;}&#8221;]<h3 class=\"sc_title sc_title_regular sc_align_center\" style=\"text-align:center;color:#ffffff;\">Mission<\/h3>[vc_column_text]<span style=\"color: #fff;\"><strong>To inform and enlighten parents<\/strong>, children and friends about issues related to paediatric oncology, to better accept and live the disease, and to contribute to the advancement of <strong>scientific research<\/strong> in this area.<\/span>[\/vc_column_text][vc_empty_space][\/vc_column_inner][vc_column_inner width=&#8221;1\/3&#8243; css=&#8221;.vc_custom_1508347266813{background-color: #283891 !important;}&#8221;]<h3 class=\"sc_title sc_title_regular sc_align_center\" style=\"text-align:center;color:#ffffff;\">Vision<\/h3>[vc_column_text color=&#8221;#ffffff&#8221;]<span style=\"color: #fff;\">To be the <strong>reference institution<\/strong> in the dissemination of rigorous and credible information, and in the encouragement of scientific research in the field of paediatric oncology.<\/span>[\/vc_column_text][vc_empty_space][\/vc_column_inner][vc_column_inner width=&#8221;1\/3&#8243; css=&#8221;.vc_custom_1510580715295{background-color: #ed008c !important;}&#8221;]<h3 class=\"sc_title sc_title_regular sc_align_center\" style=\"text-align:center;color:#ffffff;\">Values<\/h3>[vc_column_text css=&#8221;.vc_custom_1557417795520{padding-bottom: 10px !important;}&#8221;]<\/p>\n<p style=\"color: #fff;\"><strong>Complementarity<\/strong> &#8230; with other sources of information<br \/>\n<strong>Knowledge<\/strong> &#8230; in defence of the right to information<br \/>\n<strong>Seriousness<\/strong> &#8230; in the accuracy and reliability of information<br \/>\n<strong>Proximity<\/strong> &#8230; in the relation with the target audience<br \/>\n<strong>Cooperation<\/strong> &#8230; fostering communication and interaction among the several stakeholders<\/p>\n<p>[\/vc_column_text][\/vc_column_inner][\/vc_row_inner][\/vc_column][\/vc_row]<\/p>\n<\/section>","protected":false},"excerpt":{"rendered":"<p>[vc_row][vc_column width=&#8221;1\/2&#8243;][vc_column_text]The Rui Os\u00f3rio de Castro Foundation was created in March 2009 by Maria Karla Os\u00f3rio de Castro and her children, Catarina and Filipe, in memory and honor to Rui Os\u00f3rio de Castro, Husband and Father. Its main objective is to support and protect children with cancer and their families, by focusing its activity on [&hellip;]<\/p>\n","protected":false},"author":3,"featured_media":0,"parent":0,"menu_order":0,"comment_status":"closed","ping_status":"closed","template":"","meta":{"footnotes":""},"_links":{"self":[{"href":"https:\/\/froc.pt\/en\/wp-json\/wp\/v2\/pages\/3544"}],"collection":[{"href":"https:\/\/froc.pt\/en\/wp-json\/wp\/v2\/pages"}],"about":[{"href":"https:\/\/froc.pt\/en\/wp-json\/wp\/v2\/types\/page"}],"author":[{"embeddable":true,"href":"https:\/\/froc.pt\/en\/wp-json\/wp\/v2\/users\/3"}],"replies":[{"embeddable":true,"href":"https:\/\/froc.pt\/en\/wp-json\/wp\/v2\/comments?post=3544"}],"version-history":[{"count":7,"href":"https:\/\/froc.pt\/en\/wp-json\/wp\/v2\/pages\/3544\/revisions"}],"predecessor-version":[{"id":3552,"href":"https:\/\/froc.pt\/en\/wp-json\/wp\/v2\/pages\/3544\/revisions\/3552"}],"wp:attachment":[{"href":"https:\/\/froc.pt\/en\/wp-json\/wp\/v2\/media?parent=3544"}],"curies":[{"name":"wp","href":"https:\/\/api.w.org\/{rel}","templated":true}]}}